{"id":42,"date":"2016-11-24T18:09:31","date_gmt":"2016-11-24T18:09:31","guid":{"rendered":"http:\/\/plethorathemes.com\/hotel-xenia\/?page_id=42"},"modified":"2017-04-10T07:59:24","modified_gmt":"2017-04-10T07:59:24","slug":"activities","status":"publish","type":"page","link":"https:\/\/www.cecilia-apartments.com\/hr\/activities\/","title":{"rendered":"Aktivnosti"},"content":{"rendered":"<p>[vc_row full_width=&#8221;stretch_row&#8221; align=&#8221;text-center&#8221; row_padding_top=&#8221;padding_top_1-2&#8243; row_padding_bottom=&#8221;padding_bottom_1-4&#8243; el_class=&#8221;no-divider&#8221;][vc_column]<div class=\"heading_group_sc wpb_content_element subtitle_bottom    text-center\">\r\n\r\n\r\n    <h2>PREGR\u0160T AKTIVNOSTI<\/h2>\n\r\n\r\n        <span class=\"subtitle\">OD SPORTSKI AKTIVNOSTI DO RAZGLEDAVANJA, NUDIMO VAM SVE<\/span>\r\n\r\n<\/div>[\/vc_column][\/vc_row][vc_row row_padding_top=&#8221;padding_top_none&#8221;][vc_column width=&#8221;1\/2&#8243;]<div class=\"heading_group_sc wpb_content_element subtitle_top    text-left\">\r\n\r\n        <span class=\"subtitle\">Sportovi<\/span>\r\n\r\n    <h3>AKTVINOSTI<\/h3>\n\r\n\r\n\r\n<\/div>[vc_column_text]Prekrasni krajolici Luna pozivaju vas da ih istra\u017eite te je odredi\u0161te izvrsno za sve one koji \u017eele odmor provesti u \u0161etnjama ili vo\u017enji biciklom.[\/vc_column_text][vc_row_inner][vc_column_inner width=&#8221;1\/2&#8243;]<!-- ========================== TEASER BOX ==========================-->\r\n\r\n<div class=\"teaser_box wpb_content_element vertical text-left      with_image \">\r\n\r\n  <div class=\"figure with_image transparent \">\r\n\r\n\r\n\r\n        \r\n        \r\n        \r\n         <img src=\"https:\/\/www.cecilia-apartments.com\/wp-content\/uploads\/2016\/11\/icon-bicycle-2.png\" alt=\"Biciklizam\">   \r\n\r\n        \r\n\r\n\r\n  <\/div>\r\n\r\n\r\n  <div class=\"content \">\r\n    \r\n    <div class=\"hgroup textify_links\"><h4>Biciklizam<\/h4><\/div>\r\n\r\n     <div class=\"desc\"><p>Biciklizam je odavno u ponudi otoka Paga te nudi ukupno 14 ure\u0111enih biciklisti\u010dkih staza. Jedna od spomenutih je biciklisti\u010dka staza Novalja \u2013 Lun (19 km) gdje poseban do\u017eivljaj pru\u017ea vo\u017enja uz suhozide i stoljetna stabla maslina.<\/p><\/div> \r\n\r\n  <\/div>\r\n\r\n<\/div>\r\n\r\n<!-- END======================= TEASER BOX ==========================--><div class=\"plethora_button wpb_content_element  near-txt-block text-left \">\r\n    <a href=\"#\" class=\" btn-link btn-default  \" title=\"\"  target=\"_self\">\r\n\r\n        \r\n        www.something.com\r\n        \r\n\r\n    <\/a>\r\n<\/div>[\/vc_column_inner][vc_column_inner width=&#8221;1\/2&#8243;]<!-- ========================== TEASER BOX ==========================-->\r\n\r\n<div class=\"teaser_box wpb_content_element vertical text-left      with_image \">\r\n\r\n  <div class=\"figure with_image transparent \">\r\n\r\n\r\n\r\n        \r\n        \r\n        \r\n         <img src=\"https:\/\/www.cecilia-apartments.com\/wp-content\/uploads\/2016\/11\/icon-hiking.png\" alt=\"Wind-surfing\">   \r\n\r\n        \r\n\r\n\r\n  <\/div>\r\n\r\n\r\n  <div class=\"content \">\r\n    \r\n    <div class=\"hgroup textify_links\"><h4>Wind-surfing<\/h4><\/div>\r\n\r\n     <div class=\"desc\"><p>Otok Pag bogat je brojnim uvalama te je ujedno i jedan od najvjetrovitijih hrvatskih otoka. Ta ga kombinacija \u010dini izvrsnom destinacijom za razne vodene sportove, pa tako i za jedrenje na dasci, tj. windsurfing ili kiteboarding.U obli\u017enjim \u0160imunima, u kampu, postoji i ljetna \u0161kola jedrenja u kojoj mo\u017eete nau\u010diti svoje prve plovove.<\/p><\/div> \r\n\r\n  <\/div>\r\n\r\n<\/div>\r\n\r\n<!-- END======================= TEASER BOX ==========================--><div class=\"plethora_button wpb_content_element  near-txt-block text-left \">\r\n    <a href=\"#\" class=\" btn-link btn-default  \" title=\"\"  target=\"_self\">\r\n\r\n        \r\n        www.something.com\r\n        \r\n\r\n    <\/a>\r\n<\/div>[\/vc_column_inner][\/vc_row_inner][vc_row_inner][vc_column_inner width=&#8221;1\/2&#8243;]<!-- ========================== TEASER BOX ==========================-->\r\n\r\n<div class=\"teaser_box wpb_content_element vertical text-left      with_image \">\r\n\r\n  <div class=\"figure with_image transparent \">\r\n\r\n\r\n\r\n        \r\n        \r\n        \r\n         <img src=\"https:\/\/www.cecilia-apartments.com\/wp-content\/uploads\/2016\/11\/icon-climbing.png\" alt=\"Penjanje\">   \r\n\r\n        \r\n\r\n\r\n  <\/div>\r\n\r\n\r\n  <div class=\"content \">\r\n    \r\n    <div class=\"hgroup textify_links\"><h4>Penjanje<\/h4><\/div>\r\n\r\n     <div class=\"desc\"><p>Ljubitelji penjanja mogu u\u017eivati u penjanju strmim dijelom najvi\u0161eg vrha otoka Paga, Sv. Vida i stijenama iznad pla\u017ee Ru\u010dica na sjeverno-zapadnoj strani Pa\u0161ke uvale.<\/p><\/div> \r\n\r\n  <\/div>\r\n\r\n<\/div>\r\n\r\n<!-- END======================= TEASER BOX ==========================--><div class=\"plethora_button wpb_content_element  near-txt-block text-left \">\r\n    <a href=\"#\" class=\" btn-link btn-default  \" title=\"\"  target=\"_self\">\r\n\r\n        \r\n        www.something.com\r\n        \r\n\r\n    <\/a>\r\n<\/div>[\/vc_column_inner][vc_column_inner width=&#8221;1\/2&#8243;]<!-- ========================== TEASER BOX ==========================-->\r\n\r\n<div class=\"teaser_box wpb_content_element vertical text-left      with_image \">\r\n\r\n  <div class=\"figure with_image transparent \">\r\n\r\n\r\n\r\n        \r\n        \r\n        \r\n         <img src=\"https:\/\/www.cecilia-apartments.com\/wp-content\/uploads\/2016\/11\/icon-diving.png\" alt=\"Ronjenje\">   \r\n\r\n        \r\n\r\n\r\n  <\/div>\r\n\r\n\r\n  <div class=\"content \">\r\n    \r\n    <div class=\"hgroup textify_links\"><h4>Ronjenje<\/h4><\/div>\r\n\r\n     <div class=\"desc\"><p>More oko Luna prepuno je zanimljivih podvodnih lokacija za istra\u017eivanje. U mjestu Jaki\u0161nica nedaleko od Luna nalaze se olupine dvaju brodova potopljenih za vrijeme 1. svjetskoga rata. Tako\u0111er u Jaki\u0161nici se nalazi ronila\u010dki klub koji pru\u017ea usluge sportskog ronjenja i podvodnog ribolova.<\/p><\/div> \r\n\r\n  <\/div>\r\n\r\n<\/div>\r\n\r\n<!-- END======================= TEASER BOX ==========================--><div class=\"plethora_button wpb_content_element  near-txt-block text-left \">\r\n    <a href=\"#\" class=\" btn-link btn-default  \" title=\"\"  target=\"_self\">\r\n\r\n        \r\n        www.something.com\r\n        \r\n\r\n    <\/a>\r\n<\/div>[\/vc_column_inner][\/vc_row_inner][\/vc_column][vc_column width=&#8221;1\/2&#8243;][vc_single_image image=&#8221;1195&#8243; img_size=&#8221;large&#8221; alignment=&#8221;center&#8221;][\/vc_column][\/vc_row][vc_row full_width=&#8221;stretch_row&#8221; color_set=&#8221;black_section&#8221; transparent=&#8221;transparent&#8221; transparent_overlay=&#8221;transparent_film&#8221; row_padding_top=&#8221;padding_top_2-3&#8243; row_padding_bottom=&#8221;padding_bottom_1-2&#8243; css=&#8221;.vc_custom_1488799537015{background-image: url(http:\/\/www.cecilia-apartments.com\/wp-content\/uploads\/2016\/11\/diving-family.jpg?id=1196) !important;}&#8221;][vc_column width=&#8221;2\/3&#8243; offset=&#8221;vc_col-sm-offset-2&#8243;]<div class=\"heading_group_sc wpb_content_element subtitle_bottom    text-center\">\r\n\r\n\r\n    <h2>Zabava za djecu<\/h2>\n\r\n\r\n        <span class=\"subtitle\"><\/span>\r\n\r\n<\/div>[vc_column_text]<\/p>\n<p style=\"text-align: center;\">Ornitolo\u0161ki rezervat Velo blato nalazi se na ju\u017enom dijelu otoka Paga. Ovaj prostor od iznimne je biolo\u0161ke va\u017enosti jer je stani\u0161te preko 160 vrsta ptica mo\u010dvarica. Velo blato savr\u0161eno je za fotografe koji \u017eele izbliza snimiti razli\u010dite vrste ptica. Postavljena je osmatra\u010dnica na samom rubu Velog blata koja slu\u017ei za promatranje, razgledavanje i fotografiranje ptica i ostalog mo\u010dvarnog svijeta.<\/p>\n<p>[\/vc_column_text]<div class=\"plethora_button wpb_content_element   text-center \">\r\n    <a href=\"https:\/\/www.tzgpag.hr\/hr\/grad-i-otok-pag\/2013-01-09-09-48-43\/ornitoloski-rezervat\" class=\" btn btn-white  \" title=\"\"  target=\" _blank\">\r\n\r\n        \r\n        www.tzgpag.hr\r\n        \r\n\r\n    <\/a>\r\n<\/div>[\/vc_column][\/vc_row][vc_row row_padding_top=&#8221;padding_top_1-2&#8243; row_padding_bottom=&#8221;padding_bottom_none&#8221; el_class=&#8221;no-divider&#8221;][vc_column]<div class=\"heading_group_sc wpb_content_element subtitle_bottom    text-center\">\r\n\r\n\r\n    <h3>AKTIVNOSTI<\/h3>\n\r\n\r\n        <span class=\"subtitle\">Istra\u017eite prirodne ljepote<\/span>\r\n\r\n<\/div>[\/vc_column][\/vc_row][vc_row equal_height=&#8221;yes&#8221; content_placement=&#8221;middle&#8221; row_padding_top=&#8221;padding_top_1-4&#8243; row_padding_bottom=&#8221;padding_bottom_none&#8221;][vc_column width=&#8221;1\/2&#8243; el_class=&#8221;col-sm-push-6&#8243;][vc_single_image image=&#8221;1193&#8243; img_size=&#8221;large&#8221; alignment=&#8221;center&#8221;][\/vc_column][vc_column width=&#8221;1\/2&#8243; el_class=&#8221;col-sm-pull-6&#8243;]<div class=\"heading_group_sc wpb_content_element subtitle_top    text-left\">\r\n\r\n        <span class=\"subtitle\">Lun<\/span>\r\n\r\n    <h4>Vrtovi Lunjskih maslina<\/h4>\n\r\n\r\n\r\n<\/div>[vc_column_text]Prkose\u0107i stolje\u0107ima vjetru, vodi, soli, buri i suncu maslinski vrtovi \u010dine jedinstveni raritet na cijelom Mediteranu. Zbog velikog broja tisu\u0107ljetnih stabala na okupu ovaj je maslinik jedinstven u svijetu (najstarije stablo maslina u Lunu staro je 1600 godina ). Za obilazak maslinika osim \u0161etnje ure\u0111enim makadamskim putevima turisti mogu unajmiti i malo elektri\u010dno vozilo sa sedam sjede\u0107ih mjesta. Tako\u0111er , u kamenim ku\u0107icama na ulazu u sam maslinik mogu degustirati i kupiti doma\u0107e autohtone proizvode \u2013 maslinovo ulje, sir, mendulat, smokvenjak, keksi s lavandom, doma\u0107i med od kadulje. Ulje od lunjskih maslina jedno je od najpoznatijih maslinovih ulja na svijetu.[\/vc_column_text]<div class=\"plethora_button wpb_content_element  near-txt-block text-left \">\r\n    <a href=\"http:\/\/www.vlm.com.hr\" class=\" btn-link btn-default  \" title=\"\"  target=\" _blank\">\r\n\r\n        \r\n        www.vlm.com.hr\r\n        \r\n\r\n    <\/a>\r\n<\/div>[\/vc_column][\/vc_row][vc_row equal_height=&#8221;yes&#8221; content_placement=&#8221;middle&#8221; row_padding_top=&#8221;padding_top_none&#8221; row_padding_bottom=&#8221;padding_bottom_none&#8221;][vc_column width=&#8221;1\/2&#8243;][vc_single_image image=&#8221;1342&#8243; img_size=&#8221;large&#8221; alignment=&#8221;center&#8221;][\/vc_column][vc_column width=&#8221;1\/2&#8243;]<div class=\"heading_group_sc wpb_content_element subtitle_top    text-left\">\r\n\r\n        <span class=\"subtitle\">Oto\u010dna veza<\/span>\r\n\r\n    <h4>Izleti brodom<\/h4>\n\r\n\r\n\r\n<\/div>[vc_column_text]Luka Lun odnosno Tovarnele\u00a0 svakodnevnom je brodskom linijom (Rapska plovidba \u2013 Maslina) povezana s gradom Rabom \u0161to pru\u017ea izvrsnu priliku za jednodnevni izlet. U Lunu se mo\u017ee unajmiti i brod sa skiperom koji \u0107e vas provesti po najljep\u0161im uvalama otoka Paga do kojih nije mogu\u0107e pristupiti kopnom.[\/vc_column_text][\/vc_column][\/vc_row][vc_row equal_height=&#8221;yes&#8221; content_placement=&#8221;middle&#8221; row_padding_top=&#8221;padding_top_none&#8221; row_padding_bottom=&#8221;padding_bottom_none&#8221;][vc_column width=&#8221;1\/2&#8243; el_class=&#8221;col-sm-push-6&#8243;][vc_single_image image=&#8221;1444&#8243; img_size=&#8221;large&#8221; alignment=&#8221;center&#8221;][\/vc_column][vc_column width=&#8221;1\/2&#8243; el_class=&#8221;col-sm-pull-6&#8243;]<div class=\"heading_group_sc wpb_content_element subtitle_top    text-left\">\r\n\r\n        <span class=\"subtitle\">Pag<\/span>\r\n\r\n    <h4>Grad kulture i tradicije<\/h4>\n\r\n\r\n\r\n<\/div>[vc_column_text]Pag je grad koji nudi sa\u010duvane spomenike kulture, gastronomske specijalitete i posve druga\u010diju prirodu s kamenim \u010darolijama. Vrijedni kulturni spomenici su: \u017eupna crkva Sv. Marije na glavnom trgu, Kula Skrivant, zidine i Kne\u017eeva pala\u010da. Osim povijesnih spomenika grad Pag je tako\u0111er poznat i po svom kulturnom bogatstvu. Najpoznatija je zasigurno pa\u0161ka \u010dipka \u2013 odnedavno pod za\u0161titom UNESCO-a kao hrvatska nematerijalna ba\u0161tina. Pa\u017eani su bili poznati i po proizvodnji soli koja im je stolje\u0107ima je bila najva\u017enija gospodarska djelatnost. Tome svjedo\u010de magazini soli izgra\u0111eni jo\u0161 u 16 st. u kojima se danas nalazi Muzej soli.[\/vc_column_text]<div class=\"plethora_button wpb_content_element  near-txt-block text-left \">\r\n    <a href=\"http:\/\/www.tzgpag.hr\/hr\/\" class=\" btn-link btn-default  \" title=\"\"  target=\" _blank\">\r\n\r\n        \r\n        www.tzgpag.hr\r\n        \r\n\r\n    <\/a>\r\n<\/div>[\/vc_column][\/vc_row][vc_row equal_height=&#8221;yes&#8221; content_placement=&#8221;middle&#8221; row_padding_top=&#8221;padding_top_none&#8221; row_padding_bottom=&#8221;padding_bottom_2-3&#8243;][vc_column width=&#8221;1\/2&#8243;][vc_single_image image=&#8221;1442&#8243; img_size=&#8221;large&#8221; alignment=&#8221;center&#8221;][\/vc_column][vc_column width=&#8221;1\/2&#8243;]<div class=\"heading_group_sc wpb_content_element subtitle_top    text-left\">\r\n\r\n        <span class=\"subtitle\">Hrvatska<\/span>\r\n\r\n    <h4>Prirodne ljepote u blizini<\/h4>\n\r\n\r\n\r\n<\/div>[vc_column_text]Na\u0161a lijepa domovina Hrvatska puna je za\u0161ti\u0107enih prirodnih ljepota koje tako\u0111er mo\u017eete posjetiti: np Plitvi\u010dka jezera, np Paklenica, np Sjeverni Velebit, np Risnjak, otok Mljet, np Krka, np Kornati, Brijuni i u unutra\u0161njosti Kopa\u010dki rit, koji plijene pa\u017enju ljepotama netaknute prirode.[\/vc_column_text]<div class=\"plethora_button wpb_content_element  near-txt-block text-left \">\r\n    <a href=\"http:\/\/www.tzgpag.hr\/hr\/\" class=\" btn-link btn-default  \" title=\"\"  target=\" _blank\">\r\n\r\n        \r\n        www.tzgpag.hr\r\n        \r\n\r\n    <\/a>\r\n<\/div>[\/vc_column][\/vc_row]<\/p>","protected":false},"excerpt":{"rendered":"<p>[vc_row full_width=&#8221;stretch_row&#8221; align=&#8221;text-center&#8221; row_padding_top=&#8221;padding_top_1-2&#8243; row_padding_bottom=&#8221;padding_bottom_1-4&#8243; el_class=&#8221;no-divider&#8221;][vc_column][\/vc_column][\/vc_row][vc_row row_padding_top=&#8221;padding_top_none&#8221;][vc_column width=&#8221;1\/2&#8243;][vc_column_text]Prekrasni krajolici Luna pozivaju vas da ih istra\u017eite te je odredi\u0161te izvrsno za sve one koji \u017eele odmor provesti u \u0161etnjama ili vo\u017enji biciklom.[\/vc_column_text][vc_row_inner][vc_column_inner width=&#8221;1\/2&#8243;][\/vc_column_inner][vc_column_inner width=&#8221;1\/2&#8243;][\/vc_column_inner][\/vc_row_inner][vc_row_inner][vc_column_inner width=&#8221;1\/2&#8243;][\/vc_column_inner][vc_column_inner width=&#8221;1\/2&#8243;][\/vc_column_inner][\/vc_row_inner][\/vc_column][vc_column width=&#8221;1\/2&#8243;][vc_single_image image=&#8221;1195&#8243; img_size=&#8221;large&#8221; alignment=&#8221;center&#8221;][\/vc_column][\/vc_row][vc_row full_width=&#8221;stretch_row&#8221; color_set=&#8221;black_section&#8221; transparent=&#8221;transparent&#8221; transparent_overlay=&#8221;transparent_film&#8221; row_padding_top=&#8221;padding_top_2-3&#8243; row_padding_bottom=&#8221;padding_bottom_1-2&#8243; css=&#8221;.vc_custom_1488799537015{background-image: url(http:\/\/www.cecilia-apartments.com\/wp-content\/uploads\/2016\/11\/diving-family.jpg?id=1196) !important;}&#8221;][vc_column width=&#8221;2\/3&#8243; offset=&#8221;vc_col-sm-offset-2&#8243;][vc_column_text] Ornitolo\u0161ki rezervat Velo blato nalazi [&hellip;]<\/p>\n","protected":false},"author":1,"featured_media":1204,"parent":0,"menu_order":0,"comment_status":"closed","ping_status":"closed","template":"","meta":[],"_links":{"self":[{"href":"https:\/\/www.cecilia-apartments.com\/hr\/wp-json\/wp\/v2\/pages\/42"}],"collection":[{"href":"https:\/\/www.cecilia-apartments.com\/hr\/wp-json\/wp\/v2\/pages"}],"about":[{"href":"https:\/\/www.cecilia-apartments.com\/hr\/wp-json\/wp\/v2\/types\/page"}],"author":[{"embeddable":true,"href":"https:\/\/www.cecilia-apartments.com\/hr\/wp-json\/wp\/v2\/users\/1"}],"replies":[{"embeddable":true,"href":"https:\/\/www.cecilia-apartments.com\/hr\/wp-json\/wp\/v2\/comments?post=42"}],"version-history":[{"count":82,"href":"https:\/\/www.cecilia-apartments.com\/hr\/wp-json\/wp\/v2\/pages\/42\/revisions"}],"predecessor-version":[{"id":1512,"href":"https:\/\/www.cecilia-apartments.com\/hr\/wp-json\/wp\/v2\/pages\/42\/revisions\/1512"}],"wp:featuredmedia":[{"embeddable":true,"href":"https:\/\/www.cecilia-apartments.com\/hr\/wp-json\/wp\/v2\/media\/1204"}],"wp:attachment":[{"href":"https:\/\/www.cecilia-apartments.com\/hr\/wp-json\/wp\/v2\/media?parent=42"}],"curies":[{"name":"wp","href":"https:\/\/api.w.org\/{rel}","templated":true}]}}