{"id":48,"date":"2016-11-24T18:10:50","date_gmt":"2016-11-24T18:10:50","guid":{"rendered":"http:\/\/plethorathemes.com\/hotel-xenia\/?page_id=48"},"modified":"2021-03-15T11:49:59","modified_gmt":"2021-03-15T11:49:59","slug":"contact","status":"publish","type":"page","link":"https:\/\/www.cecilia-apartments.com\/hr\/contact\/","title":{"rendered":"Kontakt"},"content":{"rendered":"<p>[vc_row row_padding_top=&#8221;padding_top_2-3&#8243; row_padding_bottom=&#8221;padding_bottom_none&#8221;][vc_column width=&#8221;2\/3&#8243; offset=&#8221;vc_col-sm-offset-2&#8243; el_class=&#8221;text-center&#8221;]<div class=\"heading_group_sc wpb_content_element subtitle_bottom    text-center\">\r\n        <div class=\"background_title\">Lun<\/div>\r\n\r\n\r\n    <h2>CECILIA\u00a0APARTMANI<\/h2>\n\r\n\r\n        <span class=\"subtitle\">Kontaktirajte nas za rezervaciju ili dobrodo\u0161licu<\/span>\r\n\r\n<\/div>[vc_column_text]Apartmani Cecilia\u00a0nalaze se u malom ribarskom mjestu Lun na otoku Pagu, to\u010dnije u lunjskoj luci Tovarnele. Udaljeni smo svega 250 m od centra mjesta i 100 m od mora. Pozicionirani smo na malom bre\u017euljku s kojeg se pru\u017ea prekrasan pogled na uvalu i okolne otoke Cres, Rab i Lo\u0161inj.<\/p>\n<p>Do otoka Paga mo\u017eete do\u0107i trajektnom linijom Prizna \u2013\u017digljen ili Pa\u0161kim mostom iz smjera Zadra. Kada do\u0111ete do grada Novalje samo pratite putokaze za mjesto Lun. Lun je najsjevernije mjesto na otoku Pagu i udaljeno je 19 km od grada Novalje. Kada do\u0111ete do Luna spu\u0161tate se cestom do mora u uvalu Tovarnele i na raskri\u017eju skrenite lijevo ( caffe i snack bar Ru\u017emarin). Pratite cestu i za kojih 250 m uo\u010diti \u0107ete apartmane Cecilia s desne strane. (Tovarnele br. 61)[\/vc_column_text][\/vc_column][\/vc_row][vc_row align=&#8221;text-center&#8221; el_class=&#8221;pt40 pb40&#8243;][vc_column width=&#8221;1\/3&#8243;][vc_column_text el_class=&#8221;contact-icons&#8221;]<i class=\"fa fa-product-hunt\"><\/i>[\/vc_column_text][vc_column_text el_class=&#8221;mb0&#8243;]<\/p>\n<h4>Parking<\/h4>\n<p>[\/vc_column_text][vc_column_text el_class=&#8221;mt10&#8243;]Apartmani Cecilia imaju vlastiti privatni parking za goste.[\/vc_column_text][\/vc_column][vc_column width=&#8221;1\/3&#8243;][vc_column_text el_class=&#8221;contact-icons&#8221;]<i class=\"fa fa-bullhorn\"><\/i>[\/vc_column_text][vc_column_text el_class=&#8221;mb0&#8243;]<\/p>\n<h4>Telefon<\/h4>\n<p>[\/vc_column_text][vc_column_text el_class=&#8221;mt10&#8243;]Rado \u0107emo vam odgovoriti na pitanja ili dati upute preko telefona.<br \/><b><a href=\"tel:+385977940607\">+385 97 7940 607<\/a><\/b>[\/vc_column_text][\/vc_column][vc_column width=&#8221;1\/3&#8243;][vc_column_text el_class=&#8221;contact-icons&#8221;]<i class=\"fa fa-paper-plane\"><\/i>[\/vc_column_text][vc_column_text el_class=&#8221;mb0&#8243;]<\/p>\n<h4>Email<\/h4>\n<p>[\/vc_column_text][vc_column_text el_class=&#8221;mt10&#8243;]Ako ste na putu, a imate pitanja, jednostavno nam po\u0161aljite e-mail.<br \/><b><a href=\"mailto:info@cecilia-apartments.com\">info@cecilia-apartments.com<\/a><\/b>[\/vc_column_text][\/vc_column][\/vc_row][vc_row full_width=&#8221;stretch_row_content_no_spaces&#8221; row_padding_top=&#8221;padding_top_none&#8221; row_padding_bottom=&#8221;padding_bottom_none&#8221;][vc_column el_class=&#8221;home-map&#8221;][vc_gmaps link=&#8221;#E-8_JTNDaWZyYW1lJTIwc3JjJTNEJTIyaHR0cHMlM0ElMkYlMkZ3d3cuZ29vZ2xlLmNvbSUyRm1hcHMlMkZlbWJlZCUzRnBiJTNEJTIxMW0xOCUyMTFtMTIlMjExbTMlMjExZDkwNzY0LjQ4ODUxMTM4ODA2JTIxMmQxNC42NjUwMDM4NTYzMzQ5NTclMjEzZDQ0LjY5MTIzMDU5MjcwNDg5JTIxMm0zJTIxMWYwJTIxMmYwJTIxM2YwJTIxM20yJTIxMWkxMDI0JTIxMmk3NjglMjE0ZjEzLjElMjEzbTMlMjExbTIlMjExczB4NDc2M2FjNGU2YjRjMjYzOSUyNTNBMHg2MDcwMGVmZTAxMWU5ZDg0JTIxMnNUb3Zhcm5lbGUlMkI2MCUyNTJDJTJCNTMyOTQlMjUyQyUyQkx1biUyNTJDJTJCQ3JvYXRpYSUyMTVlMCUyMTNtMiUyMTFzZW4lMjEyc3VzJTIxNHYxNDg4NzAyMDMyNjgxJTIyJTIwd2lkdGglM0QlMjI2MDAlMjIlMjBoZWlnaHQlM0QlMjI0NTAlMjIlMjBmcmFtZWJvcmRlciUzRCUyMjAlMjIlMjBzdHlsZSUzRCUyMmJvcmRlciUzQTAlMjIlMjBhbGxvd2Z1bGxzY3JlZW4lM0UlM0MlMkZpZnJhbWUlM0U=&#8221; el_class=&#8221;m0&#8243;][\/vc_column][\/vc_row][vc_row full_width=&#8221;stretch_row&#8221; color_set=&#8221;white_section&#8221; align=&#8221;text-center&#8221; el_class=&#8221;large_form&#8221;][vc_column width=&#8221;2\/3&#8243; offset=&#8221;vc_col-sm-offset-2&#8243; el_class=&#8221;text-center pt40 pb40&#8243;][vc_column_text]<\/p>\n<h2>Kontat upit<\/h2>\n<p>[\/vc_column_text][vc_column_text el_class=&#8221;mb20&#8243;]<strong>Jesmo li vas zainteresirali?<\/strong><br \/>Bilo bi nam drago pru\u017eiti vam daljnje informacije i pomo\u0107i vam sa rezervacijom. Molimo ispunite formular u prilogu i po\u0161aljite nam ga; javit \u0107emo vam se uskoro. Zahvaljujemo se i \u017eelimo vam dobrodo\u0161licu u apartmane Cecilia![\/vc_column_text][vc_empty_space height=&#8221;20px&#8221;]<div role=\"form\" class=\"wpcf7\" id=\"wpcf7-f1607-o4\" lang=\"en-US\" dir=\"ltr\">\n<div class=\"screen-reader-response\"><p role=\"status\" aria-live=\"polite\" aria-atomic=\"true\"><\/p> <ul><\/ul><\/div>\n<form action=\"\/hr\/wp-json\/wp\/v2\/pages\/48#wpcf7-f1607-o4\" method=\"post\" class=\"wpcf7-form init\" novalidate=\"novalidate\" data-status=\"init\">\n<div style=\"display: none;\">\n<input type=\"hidden\" name=\"_wpcf7\" value=\"1607\" \/>\n<input type=\"hidden\" name=\"_wpcf7_version\" value=\"5.4\" \/>\n<input type=\"hidden\" name=\"_wpcf7_locale\" value=\"en_US\" \/>\n<input type=\"hidden\" name=\"_wpcf7_unit_tag\" value=\"wpcf7-f1607-o4\" \/>\n<input type=\"hidden\" name=\"_wpcf7_container_post\" value=\"0\" \/>\n<input type=\"hidden\" name=\"_wpcf7_posted_data_hash\" value=\"\" \/>\n<input type=\"hidden\" name=\"_wpcf7_recaptcha_response\" value=\"\" \/>\n<\/div>\n<p><span class=\"wpcf7-form-control-wrap your-name\"><input type=\"text\" name=\"your-name\" value=\"\" size=\"40\" class=\"wpcf7-form-control wpcf7-text wpcf7-validates-as-required\" aria-required=\"true\" aria-invalid=\"false\" placeholder=\"Ime i prezime\" \/><\/span><\/p>\n<p><span class=\"wpcf7-form-control-wrap your-email\"><input type=\"email\" name=\"your-email\" value=\"\" size=\"40\" class=\"wpcf7-form-control wpcf7-text wpcf7-email wpcf7-validates-as-required wpcf7-validates-as-email\" aria-required=\"true\" aria-invalid=\"false\" placeholder=\"E-mail\" \/><\/span><\/p>\n<p><span class=\"wpcf7-form-control-wrap your-message\"><textarea name=\"your-message\" cols=\"40\" rows=\"10\" class=\"wpcf7-form-control wpcf7-textarea\" aria-invalid=\"false\" placeholder=\"Va\u0161a poruka\"><\/textarea><\/span><\/p>\n<p><button class=\"btn btn-primary item_centered\" type=\"submit\">Po\u0161alji upit<\/button><\/p>\n<div class=\"wpcf7-response-output\" aria-hidden=\"true\"><\/div><\/form><\/div>[\/vc_column][\/vc_row]<\/p>\n\n\n<p><\/p>","protected":false},"excerpt":{"rendered":"<p>[vc_row row_padding_top=&#8221;padding_top_2-3&#8243; row_padding_bottom=&#8221;padding_bottom_none&#8221;][vc_column width=&#8221;2\/3&#8243; offset=&#8221;vc_col-sm-offset-2&#8243; el_class=&#8221;text-center&#8221;][vc_column_text]Apartmani Cecilia\u00a0nalaze se u malom ribarskom mjestu Lun na otoku Pagu, to\u010dnije u lunjskoj luci Tovarnele. Udaljeni smo svega 250 m od centra mjesta i 100 m od mora. Pozicionirani smo na malom bre\u017euljku s kojeg se pru\u017ea prekrasan pogled na uvalu i okolne otoke Cres, Rab i Lo\u0161inj. Do [&hellip;]<\/p>\n","protected":false},"author":1,"featured_media":1206,"parent":0,"menu_order":0,"comment_status":"closed","ping_status":"closed","template":"","meta":[],"_links":{"self":[{"href":"https:\/\/www.cecilia-apartments.com\/hr\/wp-json\/wp\/v2\/pages\/48"}],"collection":[{"href":"https:\/\/www.cecilia-apartments.com\/hr\/wp-json\/wp\/v2\/pages"}],"about":[{"href":"https:\/\/www.cecilia-apartments.com\/hr\/wp-json\/wp\/v2\/types\/page"}],"author":[{"embeddable":true,"href":"https:\/\/www.cecilia-apartments.com\/hr\/wp-json\/wp\/v2\/users\/1"}],"replies":[{"embeddable":true,"href":"https:\/\/www.cecilia-apartments.com\/hr\/wp-json\/wp\/v2\/comments?post=48"}],"version-history":[{"count":62,"href":"https:\/\/www.cecilia-apartments.com\/hr\/wp-json\/wp\/v2\/pages\/48\/revisions"}],"predecessor-version":[{"id":1612,"href":"https:\/\/www.cecilia-apartments.com\/hr\/wp-json\/wp\/v2\/pages\/48\/revisions\/1612"}],"wp:featuredmedia":[{"embeddable":true,"href":"https:\/\/www.cecilia-apartments.com\/hr\/wp-json\/wp\/v2\/media\/1206"}],"wp:attachment":[{"href":"https:\/\/www.cecilia-apartments.com\/hr\/wp-json\/wp\/v2\/media?parent=48"}],"curies":[{"name":"wp","href":"https:\/\/api.w.org\/{rel}","templated":true}]}}