{"id":42,"date":"2016-11-24T18:09:31","date_gmt":"2016-11-24T18:09:31","guid":{"rendered":"http:\/\/plethorathemes.com\/hotel-xenia\/?page_id=42"},"modified":"2017-04-10T07:59:24","modified_gmt":"2017-04-10T07:59:24","slug":"activities","status":"publish","type":"page","link":"https:\/\/www.cecilia-apartments.com\/it\/activities\/","title":{"rendered":"Attivit\u00e0"},"content":{"rendered":"<p>[vc_row full_width=&#8221;stretch_row&#8221; align=&#8221;text-center&#8221; row_padding_top=&#8221;padding_top_1-2&#8243; row_padding_bottom=&#8221;padding_bottom_1-4&#8243; el_class=&#8221;no-divider&#8221;][vc_column]<div class=\"heading_group_sc wpb_content_element subtitle_bottom    text-center\">\r\n\r\n\r\n    <h2>??? TONS OF ACTIVITIES<\/h2>\n\r\n\r\n        <span class=\"subtitle\">??? FROM SPORTS TO SIGHTSEEING, WE HAVE IT ALL<\/span>\r\n\r\n<\/div>[\/vc_column][\/vc_row][vc_row row_padding_top=&#8221;padding_top_none&#8221;][vc_column width=&#8221;1\/2&#8243;]<div class=\"heading_group_sc wpb_content_element subtitle_top    text-left\">\r\n\r\n        <span class=\"subtitle\">Sport<\/span>\r\n\r\n    <h3>Attrazioni<\/h3>\n\r\n\r\n\r\n<\/div>[vc_column_text]I bei paesaggi di Lun Vi invitano\u00a0 ad esplorarli e sono la destinazione ideale per chi vuole trascorrere le proprie vacanze passeggiando o andando in bicicletta.[\/vc_column_text][vc_row_inner][vc_column_inner width=&#8221;1\/2&#8243;]<!-- ========================== TEASER BOX ==========================-->\r\n\r\n<div class=\"teaser_box wpb_content_element vertical text-left      with_image \">\r\n\r\n  <div class=\"figure with_image transparent \">\r\n\r\n\r\n\r\n        \r\n        \r\n        \r\n         <img src=\"https:\/\/www.cecilia-apartments.com\/wp-content\/uploads\/2016\/11\/icon-bicycle-2.png\" alt=\"Ciclismo\">   \r\n\r\n        \r\n\r\n\r\n  <\/div>\r\n\r\n\r\n  <div class=\"content \">\r\n    \r\n    <div class=\"hgroup textify_links\"><h4>Ciclismo<\/h4><\/div>\r\n\r\n     <div class=\"desc\"><p>Ciclismo \u00e8 a lungo nell&#8217;offerta dell&#8217;isola e offre un totale di 14 piste ciclabili. Una di queste piste \u00e8 la pista ciclabile Novalja &#8211; Lun (19 km), dove un&#8217;esperienza speciale Vi offre l&#8217;andare in bicicletta vicino ai muretti a secco e ai secolari alberi di ulivo.<\/p><\/div> \r\n\r\n  <\/div>\r\n\r\n<\/div>\r\n\r\n<!-- END======================= TEASER BOX ==========================--><div class=\"plethora_button wpb_content_element  near-txt-block text-left \">\r\n    <a href=\"#\" class=\" btn-link btn-default  \" title=\"\"  target=\"_self\">\r\n\r\n        \r\n        www.something.com\r\n        \r\n\r\n    <\/a>\r\n<\/div>[\/vc_column_inner][vc_column_inner width=&#8221;1\/2&#8243;]<!-- ========================== TEASER BOX ==========================-->\r\n\r\n<div class=\"teaser_box wpb_content_element vertical text-left      with_image \">\r\n\r\n  <div class=\"figure with_image transparent \">\r\n\r\n\r\n\r\n        \r\n        \r\n        \r\n         <img src=\"https:\/\/www.cecilia-apartments.com\/wp-content\/uploads\/2016\/11\/icon-hiking.png\" alt=\"??? Hiking and Running\">   \r\n\r\n        \r\n\r\n\r\n  <\/div>\r\n\r\n\r\n  <div class=\"content \">\r\n    \r\n    <div class=\"hgroup textify_links\"><h4>??? Hiking and Running<\/h4><\/div>\r\n\r\n     <div class=\"desc\"><p>??? Enjoy unforgettable views of the countryside from the surrounding hills immersed in the blue sea. Explore hiking possibilities and take part in recreational races and marathons in Istria year round.<\/p><\/div> \r\n\r\n  <\/div>\r\n\r\n<\/div>\r\n\r\n<!-- END======================= TEASER BOX ==========================--><div class=\"plethora_button wpb_content_element  near-txt-block text-left \">\r\n    <a href=\"#\" class=\" btn-link btn-default  \" title=\"\"  target=\"_self\">\r\n\r\n        \r\n        www.something.com\r\n        \r\n\r\n    <\/a>\r\n<\/div>[\/vc_column_inner][\/vc_row_inner][vc_row_inner][vc_column_inner width=&#8221;1\/2&#8243;]<!-- ========================== TEASER BOX ==========================-->\r\n\r\n<div class=\"teaser_box wpb_content_element vertical text-left      with_image \">\r\n\r\n  <div class=\"figure with_image transparent \">\r\n\r\n\r\n\r\n        \r\n        \r\n        \r\n         <img src=\"https:\/\/www.cecilia-apartments.com\/wp-content\/uploads\/2016\/11\/icon-climbing.png\" alt=\"??? Rock Climbing\">   \r\n\r\n        \r\n\r\n\r\n  <\/div>\r\n\r\n\r\n  <div class=\"content \">\r\n    \r\n    <div class=\"hgroup textify_links\"><h4>??? Rock Climbing<\/h4><\/div>\r\n\r\n     <div class=\"desc\"><p>??? Lovers of rock climbing can climb the steep parts of the peak of Sv. Vid and the rocks above the Ru\u010dica beach in the north-west part of Pag Bay (at Zamak and Stogaj near Metajna). Special climbing markers are placed at these sites.<\/p><\/div> \r\n\r\n  <\/div>\r\n\r\n<\/div>\r\n\r\n<!-- END======================= TEASER BOX ==========================--><div class=\"plethora_button wpb_content_element  near-txt-block text-left \">\r\n    <a href=\"#\" class=\" btn-link btn-default  \" title=\"\"  target=\"_self\">\r\n\r\n        \r\n        www.something.com\r\n        \r\n\r\n    <\/a>\r\n<\/div>[\/vc_column_inner][vc_column_inner width=&#8221;1\/2&#8243;]<!-- ========================== TEASER BOX ==========================-->\r\n\r\n<div class=\"teaser_box wpb_content_element vertical text-left      with_image \">\r\n\r\n  <div class=\"figure with_image transparent \">\r\n\r\n\r\n\r\n        \r\n        \r\n        \r\n         <img src=\"https:\/\/www.cecilia-apartments.com\/wp-content\/uploads\/2016\/11\/icon-diving.png\" alt=\"Immersioni\">   \r\n\r\n        \r\n\r\n\r\n  <\/div>\r\n\r\n\r\n  <div class=\"content \">\r\n    \r\n    <div class=\"hgroup textify_links\"><h4>Immersioni<\/h4><\/div>\r\n\r\n     <div class=\"desc\"><p>Il mare di Lun \u00e8 pieno di interessanti siti subacquei per la ricerca. In Jaki\u0161nica, vicino a Lun, ci sono relitti di due navi affondate durante la prima guerra mondiale. Inoltre in Jaki\u0161nica c&#8217;\u00e8 un diving club che offre immersioni e la pesca subacquea sportiva.<\/p><\/div> \r\n\r\n  <\/div>\r\n\r\n<\/div>\r\n\r\n<!-- END======================= TEASER BOX ==========================--><div class=\"plethora_button wpb_content_element  near-txt-block text-left \">\r\n    <a href=\"#\" class=\" btn-link btn-default  \" title=\"\"  target=\"_self\">\r\n\r\n        \r\n        www.something.com\r\n        \r\n\r\n    <\/a>\r\n<\/div>[\/vc_column_inner][\/vc_row_inner][\/vc_column][vc_column width=&#8221;1\/2&#8243;][vc_single_image image=&#8221;1195&#8243; img_size=&#8221;large&#8221; alignment=&#8221;center&#8221;][\/vc_column][\/vc_row][vc_row full_width=&#8221;stretch_row&#8221; color_set=&#8221;black_section&#8221; transparent=&#8221;transparent&#8221; transparent_overlay=&#8221;transparent_film&#8221; row_padding_top=&#8221;padding_top_2-3&#8243; row_padding_bottom=&#8221;padding_bottom_1-2&#8243; css=&#8221;.vc_custom_1488799537015{background-image: url(http:\/\/www.cecilia-apartments.com\/wp-content\/uploads\/2016\/11\/diving-family.jpg?id=1196) !important;}&#8221;][vc_column width=&#8221;2\/3&#8243; offset=&#8221;vc_col-sm-offset-2&#8243;]<div class=\"heading_group_sc wpb_content_element subtitle_bottom    text-center\">\r\n\r\n\r\n    <h2>Divertimento per bambini<\/h2>\n\r\n\r\n        <span class=\"subtitle\"><\/span>\r\n\r\n<\/div>[vc_column_text]<\/p>\n<p style=\"text-align: center;\">??? The entertainment and recreational offer has many things in store: the amusement park, the rubber town, various workshops and other places that provide the best entertainment for you and your children.<\/p>\n<p>[\/vc_column_text]<div class=\"plethora_button wpb_content_element   text-center \">\r\n    <a href=\"https:\/\/www.tzgpag.hr\/it\/grad-i-otok-pag-it\/2013-01-09-09-48-43\/ornitoloski-rezervat-it\" class=\" btn btn-white  \" title=\"\"  target=\" _blank\">\r\n\r\n        \r\n        www.tzgpag.hr\r\n        \r\n\r\n    <\/a>\r\n<\/div>[\/vc_column][\/vc_row][vc_row row_padding_top=&#8221;padding_top_1-2&#8243; row_padding_bottom=&#8221;padding_bottom_none&#8221; el_class=&#8221;no-divider&#8221;][vc_column]<div class=\"heading_group_sc wpb_content_element subtitle_bottom    text-center\">\r\n\r\n\r\n    <h2>Attrazioni<\/h2>\n\r\n\r\n        <span class=\"subtitle\">Esplorare le bellezze naturali<\/span>\r\n\r\n<\/div>[\/vc_column][\/vc_row][vc_row equal_height=&#8221;yes&#8221; content_placement=&#8221;middle&#8221; row_padding_top=&#8221;padding_top_1-4&#8243; row_padding_bottom=&#8221;padding_bottom_none&#8221;][vc_column width=&#8221;1\/2&#8243; el_class=&#8221;col-sm-push-6&#8243;][vc_single_image image=&#8221;1193&#8243; img_size=&#8221;large&#8221; alignment=&#8221;center&#8221;][\/vc_column][vc_column width=&#8221;1\/2&#8243; el_class=&#8221;col-sm-pull-6&#8243;]<div class=\"heading_group_sc wpb_content_element subtitle_top    text-left\">\r\n\r\n        <span class=\"subtitle\">Lun<\/span>\r\n\r\n    <h4>Uliveti Lun<\/h4>\n\r\n\r\n\r\n<\/div>[vc_column_text]Passeggiare per gli uliveti di Lun offre un&#8217;esperienza indimenticabile anche nel vedere gli ulivi vecchi oltre 1500 anni. \u00c8 possibile noleggiare un&#8217;auto elettrica con la guida che vi accompagner\u00e0 a familiarizzare con il sito.[\/vc_column_text]<div class=\"plethora_button wpb_content_element  near-txt-block text-left \">\r\n    <a href=\"http:\/\/www.vlm.com.hr\" class=\" btn-link btn-default  \" title=\"\"  target=\" _blank\">\r\n\r\n        \r\n        www.vlm.com.hr\r\n        \r\n\r\n    <\/a>\r\n<\/div>[\/vc_column][\/vc_row][vc_row equal_height=&#8221;yes&#8221; content_placement=&#8221;middle&#8221; row_padding_top=&#8221;padding_top_none&#8221; row_padding_bottom=&#8221;padding_bottom_none&#8221;][vc_column width=&#8221;1\/2&#8243;][vc_single_image image=&#8221;1342&#8243; img_size=&#8221;large&#8221; alignment=&#8221;center&#8221;][\/vc_column][vc_column width=&#8221;1\/2&#8243;]<div class=\"heading_group_sc wpb_content_element subtitle_top    text-left\">\r\n\r\n        <span class=\"subtitle\">Collegamento della Isola<\/span>\r\n\r\n    <h4>Gite in barca<\/h4>\n\r\n\r\n\r\n<\/div>[vc_column_text]Tovarnele, il porto di\u00a0 Lun, \u00e8 ben collegato con l&#8217;isola di Rab (Rapska plovidba- Maslina) che offre un&#8217;eccellente opportunit\u00e0 per fare gite. A Lun si pu\u00f2 noleggiare una barca con skipper che Vi far\u00e0 vedere le pi\u00f9 belle baie dell&#8217;isola le quali non si possono raggiungere via terra. Inoltre,nell&#8217;ufficio turistico di Lun, \u00e8 possibile ottenere informazioni sulle escursioni settimanali per le isole di Krk (Veglia) e Lussino.[\/vc_column_text][\/vc_column][\/vc_row][vc_row equal_height=&#8221;yes&#8221; content_placement=&#8221;middle&#8221; row_padding_top=&#8221;padding_top_none&#8221; row_padding_bottom=&#8221;padding_bottom_none&#8221;][vc_column width=&#8221;1\/2&#8243; el_class=&#8221;col-sm-push-6&#8243;][vc_single_image image=&#8221;1444&#8243; img_size=&#8221;large&#8221; alignment=&#8221;center&#8221;][\/vc_column][vc_column width=&#8221;1\/2&#8243; el_class=&#8221;col-sm-pull-6&#8243;]<div class=\"heading_group_sc wpb_content_element subtitle_top    text-left\">\r\n\r\n        <span class=\"subtitle\">Pag<\/span>\r\n\r\n    <h4>Citt\u00e0 di cultura e tradizione<\/h4>\n\r\n\r\n\r\n<\/div>[vc_column_text]??? The town of Pag have a rich offer of the ancient monuments, culinary delights and an entirely different nature with magically beautiful stone scenery. Valuable cultural and historical monuments are: The parish church of St Mary, the old Tower, the remnantsofthetownwalls, Duke&#8217;spalace. The city of Pag is also known for its cultural richness. The most famous is definitely the Pag lace \u2013 recently under the protection of UNESCO as Croatian non-material heritage. Local people have been famous for its salt production. For centuries salt production was the most important economic activity in Pag. This is evidenced by salt storehouses built back in the 16 century, where today stands Museumof Salt.[\/vc_column_text]<div class=\"plethora_button wpb_content_element  near-txt-block text-left \">\r\n    <a href=\"http:\/\/www.tzgpag.hr\/it\/\" class=\" btn-link btn-default  \" title=\"\"  target=\" _blank\">\r\n\r\n        \r\n        www.tzgpag.hr\r\n        \r\n\r\n    <\/a>\r\n<\/div>[\/vc_column][\/vc_row][vc_row equal_height=&#8221;yes&#8221; content_placement=&#8221;middle&#8221; row_padding_top=&#8221;padding_top_none&#8221; row_padding_bottom=&#8221;padding_bottom_2-3&#8243;][vc_column width=&#8221;1\/2&#8243;][vc_single_image image=&#8221;1442&#8243; img_size=&#8221;large&#8221; alignment=&#8221;center&#8221;][\/vc_column][vc_column width=&#8221;1\/2&#8243;]<div class=\"heading_group_sc wpb_content_element subtitle_top    text-left\">\r\n\r\n        <span class=\"subtitle\">Croazia<\/span>\r\n\r\n    <h4>??? Natural beauty in the vicinity<\/h4>\n\r\n\r\n\r\n<\/div>[vc_column_text]??? Croatia, ourb eautiful home land, is rich in protected natural beauties that you can also visit: Plitvice Lakes National Park, Paklenica National Park, the Northern Velebit National Park, Risnjak National Park, islandof Mljet, Krka National Park, Kornati National Park, Brijuni and Kopa\u010dki rit in the inlands that will grasp your attention by the beauty of untouched nature.[\/vc_column_text]<div class=\"plethora_button wpb_content_element  near-txt-block text-left \">\r\n    <a href=\"http:\/\/www.tzgpag.hr\/it\/\" class=\" btn-link btn-default  \" title=\"\"  target=\" _blank\">\r\n\r\n        \r\n        www.tzgpag.hr\r\n        \r\n\r\n    <\/a>\r\n<\/div>[\/vc_column][\/vc_row]<\/p>","protected":false},"excerpt":{"rendered":"<p>[vc_row full_width=&#8221;stretch_row&#8221; align=&#8221;text-center&#8221; row_padding_top=&#8221;padding_top_1-2&#8243; row_padding_bottom=&#8221;padding_bottom_1-4&#8243; el_class=&#8221;no-divider&#8221;][vc_column][\/vc_column][\/vc_row][vc_row row_padding_top=&#8221;padding_top_none&#8221;][vc_column width=&#8221;1\/2&#8243;][vc_column_text]I bei paesaggi di Lun Vi invitano\u00a0 ad esplorarli e sono la destinazione ideale per chi vuole trascorrere le proprie vacanze passeggiando o andando in bicicletta.[\/vc_column_text][vc_row_inner][vc_column_inner width=&#8221;1\/2&#8243;][\/vc_column_inner][vc_column_inner width=&#8221;1\/2&#8243;][\/vc_column_inner][\/vc_row_inner][vc_row_inner][vc_column_inner width=&#8221;1\/2&#8243;][\/vc_column_inner][vc_column_inner width=&#8221;1\/2&#8243;][\/vc_column_inner][\/vc_row_inner][\/vc_column][vc_column width=&#8221;1\/2&#8243;][vc_single_image image=&#8221;1195&#8243; img_size=&#8221;large&#8221; alignment=&#8221;center&#8221;][\/vc_column][\/vc_row][vc_row full_width=&#8221;stretch_row&#8221; color_set=&#8221;black_section&#8221; transparent=&#8221;transparent&#8221; transparent_overlay=&#8221;transparent_film&#8221; row_padding_top=&#8221;padding_top_2-3&#8243; row_padding_bottom=&#8221;padding_bottom_1-2&#8243; css=&#8221;.vc_custom_1488799537015{background-image: url(http:\/\/www.cecilia-apartments.com\/wp-content\/uploads\/2016\/11\/diving-family.jpg?id=1196) !important;}&#8221;][vc_column width=&#8221;2\/3&#8243; offset=&#8221;vc_col-sm-offset-2&#8243;][vc_column_text] ??? The entertainment [&hellip;]<\/p>\n","protected":false},"author":1,"featured_media":1204,"parent":0,"menu_order":0,"comment_status":"closed","ping_status":"closed","template":"","meta":[],"_links":{"self":[{"href":"https:\/\/www.cecilia-apartments.com\/it\/wp-json\/wp\/v2\/pages\/42"}],"collection":[{"href":"https:\/\/www.cecilia-apartments.com\/it\/wp-json\/wp\/v2\/pages"}],"about":[{"href":"https:\/\/www.cecilia-apartments.com\/it\/wp-json\/wp\/v2\/types\/page"}],"author":[{"embeddable":true,"href":"https:\/\/www.cecilia-apartments.com\/it\/wp-json\/wp\/v2\/users\/1"}],"replies":[{"embeddable":true,"href":"https:\/\/www.cecilia-apartments.com\/it\/wp-json\/wp\/v2\/comments?post=42"}],"version-history":[{"count":82,"href":"https:\/\/www.cecilia-apartments.com\/it\/wp-json\/wp\/v2\/pages\/42\/revisions"}],"predecessor-version":[{"id":1512,"href":"https:\/\/www.cecilia-apartments.com\/it\/wp-json\/wp\/v2\/pages\/42\/revisions\/1512"}],"wp:featuredmedia":[{"embeddable":true,"href":"https:\/\/www.cecilia-apartments.com\/it\/wp-json\/wp\/v2\/media\/1204"}],"wp:attachment":[{"href":"https:\/\/www.cecilia-apartments.com\/it\/wp-json\/wp\/v2\/media?parent=42"}],"curies":[{"name":"wp","href":"https:\/\/api.w.org\/{rel}","templated":true}]}}